{"id":681,"date":"2021-12-20T12:34:28","date_gmt":"2021-12-20T11:34:28","guid":{"rendered":"https:\/\/medical-aesthetics-munich.fuelmedia.de\/imprint\/"},"modified":"2024-03-14T12:35:34","modified_gmt":"2024-03-14T11:35:34","slug":"imprint","status":"publish","type":"page","link":"https:\/\/dermatologie-aesthetik-muenchen.de\/en\/imprint\/","title":{"rendered":"Imprint"},"content":{"rendered":"\t\t<div data-elementor-type=\"wp-page\" data-elementor-id=\"681\" class=\"elementor elementor-681 elementor-151\" data-elementor-post-type=\"page\">\n\t\t\t\t\t\t<section class=\"elementor-section elementor-top-section elementor-element elementor-element-253da25 elementor-section-boxed elementor-section-height-default elementor-section-height-default\" data-id=\"253da25\" data-element_type=\"section\">\n\t\t\t\t\t\t<div class=\"elementor-container elementor-column-gap-default\">\n\t\t\t\t\t<div class=\"elementor-column elementor-col-100 elementor-top-column elementor-element elementor-element-b1204b7\" data-id=\"b1204b7\" data-element_type=\"column\">\n\t\t\t<div class=\"elementor-widget-wrap elementor-element-populated\">\n\t\t\t\t\t\t<div class=\"elementor-element elementor-element-d235188 elementor-widget elementor-widget-html\" data-id=\"d235188\" data-element_type=\"widget\" data-widget_type=\"html.default\">\n\t\t\t\t<div class=\"elementor-widget-container\">\n\t\t\t<h1>Imprint<\/h1>\n\n<h2>Dermatologist Center Munich<\/h2>\n<p>\n  Dr. med. Esther Wi\u00dfm\u00fcller<br>\n  Specialist practice for skin, veins and aesthetics<br>\n Sendlinger Stra\u00dfe 29<br>\n  80331 Munich - Center<br><br>\n  Phone +49 89 238874321<br>\n  Fax +49 89 238874311<br>\n  <a href=\"mailto:info@dermatologie-aesthetik-muenchen.de\">info@dermatologie-aesthetik-muenchen.de<\/a><br>\n  <a href=\"https:\/\/dermatologie-aesthetik-muenchen.de\/en\/\">dermatology-aesthetics-munich.com\n    <\/a>\n<\/p>\n<h2>The following information applies to Dr. Esther Wi\u00dfm\u00fcller:<\/h2>\n<h2>Job title<\/h2>\n<p>Doctor (awarded in the Federal Republic of Germany)<\/p>\n<h2>Competent chamber<\/h2>\n<p>\n  Bavarian Medical Association<br>\n  M\u00fchlbaurstr. 16<br>\n  81677 Munich<br>\n  <a href=\"https:\/\/www.blaek.de\/\" target=\"_blank\" rel=\"noopener\">www.blaek.de<\/a>\n<\/p>\n<h2>Professional regulations<\/h2>\n<p>\n  Professional Code of Conduct of the Bavarian Medical Association<a href=\"https:\/\/www.blaek.de\/\" target=\"_blank\" rel=\"noopener\">(www.blaek.de)<\/a>\n<\/p>\n<h2>Professional liability insurance<\/h2>\n<p>\n  The professional liability insurance is with HDI Versicherung AG in 30659\n  Hanover\n<\/p>\n<h2>Responsible for content<\/h2>\n<p>Dr. med. Esther Wi\u00dfm\u00fcller<\/p>\n<h2>Sales tax identification number according to \u00a727a<\/h2>\n<p>VAT ID: DE302280890<\/p>\n<h2>Dispute resolution<\/h2>\nIn accordance with Regulation (EU) No. 524\/2013: Under the Regulation on\nOnline dispute resolution for consumer matters is available at\n<a href=\"https:\/\/ec.europa.eu\/consumers\/odr\/\" target=\"_blank\" rel=\"noopener\">http:\/\/ec.europa.eu\/consumers\/odr\/<\/a>\nan online dispute resolution platform of the EU Commission.<br><br>\nWe are not willing or obliged to participate in dispute resolution proceedings before a\nconsumer arbitration board.\n<h2>Copyright<\/h2>\nThe structure, design and content of this website are protected by copyright.\nprotected. The information, texts and image materials provided are\nintended for individual user access only. The user is\nallows us to use the content unchanged to store information about us, to\nto download or print this information to third parties\nand to set hyperlinks to our website for factual information. We\nare entitled to change or discontinue our website at any time. We\nprohibit the reproduction or distribution of any part of our\nWebsite for commercial purposes.\n<h2>Disclaimer<\/h2>\nDespite careful control of the content, we assume no liability for the\nContents of external links. The content of the linked pages is the sole responsibility of\ntheir operators. The linked pages were updated at the time of\nlink was checked for possible violations of the law, such violations were\nnot recognizable at the time. The content of our pages has been compiled with the greatest care\ncreated. However, we assume no liability for the correctness,\ncompleteness and timeliness as well as for the ongoing availability of the\ninformation provided. All persons named on this website\nhereby object to any commercial use and disclosure of your data.\n<h2>Photography<\/h2>\n<a href=\"https:\/\/www.florian-deventer.de\/\" target=\"_blank\" rel=\"noopener\">florian-deventer.de<\/a><br>\nOliver Rehbinder Photography<br>Image on subpage \"Laser-assisted\nSurgical upper eyelid lift\":\n<a href=\"https:\/\/www.istockphoto.com\/de\/PeopleImages\" target=\"_blank\" rel=\"noopener\">istock.com\/PeopleImages<\/a><br>\nPictures:\n<a href=\"https:\/\/www.shutterstock.com\/de\/\" target=\"_blank\" rel=\"noopener\">shutterstock.com<\/a>\n\t\t<\/div>\n\t\t\t\t<\/div>\n\t\t\t\t\t<\/div>\n\t\t<\/div>\n\t\t\t\t\t<\/div>\n\t\t<\/section>\n\t\t\t\t<\/div>\n\t\t","protected":false},"excerpt":{"rendered":"<p>Imprint Dermatologist Center Munich Dr. med. Esther Wi\u00dfm\u00fcller Specialist practice for skin, veins and aesthetics Sendlinger Stra\u00dfe 29 80331 Munich &#8211; Center Phone +49 89 238874321 Fax +49 89 238874311 info@dermatologie-aesthetik-muenchen.de dermatology-aesthetics-munich.com The following information applies to Dr. Esther Wi\u00dfm\u00fcller: Job title Doctor (awarded in the Federal Republic of Germany) Competent chamber Bavarian Medical Association [&hellip;]<\/p>\n","protected":false},"author":4,"featured_media":0,"parent":0,"menu_order":0,"comment_status":"closed","ping_status":"closed","template":"","meta":{"footnotes":""},"class_list":["post-681","page","type-page","status-publish","hentry"],"_links":{"self":[{"href":"https:\/\/dermatologie-aesthetik-muenchen.de\/en\/wp-json\/wp\/v2\/pages\/681","targetHints":{"allow":["GET"]}}],"collection":[{"href":"https:\/\/dermatologie-aesthetik-muenchen.de\/en\/wp-json\/wp\/v2\/pages"}],"about":[{"href":"https:\/\/dermatologie-aesthetik-muenchen.de\/en\/wp-json\/wp\/v2\/types\/page"}],"author":[{"embeddable":true,"href":"https:\/\/dermatologie-aesthetik-muenchen.de\/en\/wp-json\/wp\/v2\/users\/4"}],"replies":[{"embeddable":true,"href":"https:\/\/dermatologie-aesthetik-muenchen.de\/en\/wp-json\/wp\/v2\/comments?post=681"}],"version-history":[{"count":11,"href":"https:\/\/dermatologie-aesthetik-muenchen.de\/en\/wp-json\/wp\/v2\/pages\/681\/revisions"}],"predecessor-version":[{"id":887,"href":"https:\/\/dermatologie-aesthetik-muenchen.de\/en\/wp-json\/wp\/v2\/pages\/681\/revisions\/887"}],"wp:attachment":[{"href":"https:\/\/dermatologie-aesthetik-muenchen.de\/en\/wp-json\/wp\/v2\/media?parent=681"}],"curies":[{"name":"wp","href":"https:\/\/api.w.org\/{rel}","templated":true}]}}